{"id":26,"date":"2024-04-28T14:24:48","date_gmt":"2024-04-28T14:24:48","guid":{"rendered":"https:\/\/invictisrealty.com\/?page_id=26"},"modified":"2024-10-21T09:54:13","modified_gmt":"2024-10-21T16:54:13","slug":"terms-of-use","status":"publish","type":"page","link":"https:\/\/invictisrealty.com\/fr\/terms-of-use\/","title":{"rendered":"Conditions d'utilisation"},"content":{"rendered":"<div class=\"wp-block-group alignfull extra has-global-padding is-layout-constrained wp-block-group-is-layout-constrained\"><h2 style=\"padding-top:var(--wp--preset--spacing--50);padding-bottom:var(--wp--preset--spacing--50);\" class=\"alignwide invictis-mobile-terms-center wp-block-post-title\">Conditions d'utilisation<\/h2><\/div>\n\n\n\n<div style=\"height:10px\" aria-hidden=\"true\" class=\"wp-block-spacer\"><\/div>\n\n\n\n<div class=\"wp-block-group alignwide has-global-padding is-layout-constrained wp-container-core-group-is-layout-f4527f8c wp-block-group-is-layout-constrained\">\n<div class=\"wp-block-group alignwide is-vertical is-layout-flex wp-container-core-group-is-layout-fe9cc265 wp-block-group-is-layout-flex\">\n<p>Bienvenue \u00e0 <strong>Invictis Property Management Inc<\/strong>!<\/p>\n\n\n\n<p>Les pr\u00e9sentes conditions d'utilisation r\u00e9gissent votre acc\u00e8s et votre utilisation de <strong>Invictis Property Management Inc<\/strong>y compris le contenu, les fonctionnalit\u00e9s et les services propos\u00e9s sur le site web ou par son interm\u00e9diaire.<\/p>\n\n\n\n<p>En acc\u00e9dant au site web ou en l'utilisant, vous acceptez les pr\u00e9sentes conditions. Ind\u00e9pendamment de la m\u00e9thode de collecte, vous consentez au stockage et \u00e0 la divulgation des donn\u00e9es telles que d\u00e9crites dans les Conditions g\u00e9n\u00e9rales. <a href=\"https:\/\/invictisrealty.com\/fr\/privacy-policy\/\" data-type=\"link\" data-id=\"https:\/\/invictisrealty.com\/privacy-policy\/\">Politique de confidentialit\u00e9<\/a>. Si vous n'acceptez pas les conditions de la <a href=\"https:\/\/invictisrealty.com\/fr\/privacy-policy\/\" data-type=\"link\" data-id=\"https:\/\/invictisrealty.com\/privacy-policy\/\">Politique de confidentialit\u00e9<\/a>veuillez ne pas utiliser les sites.<\/p>\n\n\n\n<ol class=\"wp-block-list\">\n<li class=\"has-medium-font-size\"><strong>Acc\u00e8s au site web<\/strong>\n<ul class=\"wp-block-list\">\n<li>1.1 \u00c9ligibilit\u00e9 : En acc\u00e9dant au site web, vous d\u00e9clarez et garantissez que vous avez au moins 18 ans et que vous \u00eates capable de conclure un contrat contraignant avec <strong>Invictis Property Management Inc<\/strong>.<\/li>\n\n\n\n<li>1.2 Contactformulier : Formulaire de contact : Certaines fonctionnalit\u00e9s du site web peuvent n\u00e9cessiter l'envoi d'un formulaire de contact. Lorsque vous utilisez et envoyez le formulaire, vous acceptez de fournir des informations exactes, actuelles et compl\u00e8tes sur vous-m\u00eame.<\/li>\n<\/ul>\n<\/li>\n<\/ol>\n\n\n\n<ol start=\"2\" class=\"wp-block-list\">\n<li><strong>Utilisation du site web<\/strong>\n<ul class=\"wp-block-list\">\n<li>2.1 Utilisation autoris\u00e9e : vous pouvez utiliser le site web uniquement \u00e0 des fins personnelles et non commerciales. Vous acceptez de ne pas utiliser le site web \u00e0 des fins ill\u00e9gales ou en violation des pr\u00e9sentes conditions.<\/li>\n\n\n\n<li>2.2 Contenu : Le contenu du site web est fourni \u00e0 titre d'information uniquement. Nous ne garantissons pas l'exactitude, l'exhaustivit\u00e9 ou la fiabilit\u00e9 du contenu du site web.<\/li>\n\n\n\n<li>2.3 Activit\u00e9s interdites : Vous vous engagez \u00e0 ne pas vous livrer aux activit\u00e9s interdites suivantes :<\/li>\n<\/ul>\n<\/li>\n<\/ol>\n\n\n\n<p>Violation de toute loi ou r\u00e9glementation applicable. <br>Usurper l'identit\u00e9 d'une personne ou d'une entit\u00e9. <br>Interf\u00e9rer avec le fonctionnement du site web. <br>T\u00e9l\u00e9charger ou transmettre des virus ou d'autres codes malveillants. <br>Collecter des informations aupr\u00e8s d'autres utilisateurs sans leur consentement.<\/p>\n\n\n\n<ol start=\"3\" class=\"wp-block-list\">\n<li><strong>Propri\u00e9t\u00e9 intellectuelle<\/strong>\n<ul class=\"wp-block-list\">\n<li>3.1 Propri\u00e9t\u00e9 : L'ensemble du contenu et du mat\u00e9riel du site web, y compris les textes, les graphiques, les logos, les images et les logiciels, est la propri\u00e9t\u00e9 de <strong>Invictis Property Management Inc<\/strong>, de ses conc\u00e9dants ou de sources libres de droits d'auteur et sont prot\u00e9g\u00e9s par les lois sur la propri\u00e9t\u00e9 intellectuelle.<\/li>\n\n\n\n<li>3.2 Licence : Sous r\u00e9serve des pr\u00e9sentes conditions, <strong>Invictis Property Management Inc<\/strong> vous accorde une licence limit\u00e9e, non exclusive et non transf\u00e9rable pour acc\u00e9der au site web et l'utiliser \u00e0 des fins personnelles.<\/li>\n<\/ul>\n<\/li>\n<\/ol>\n\n\n\n<ol start=\"4\" class=\"wp-block-list\">\n<li><strong>Confidentialit\u00e9<\/strong>\n<ul class=\"wp-block-list\">\n<li>Notre <a href=\"https:\/\/invictisrealty.com\/fr\/privacy-policy\/\" data-type=\"link\" data-id=\"https:\/\/invictisrealty.com\/privacy-policy\/\">Politique de confidentialit\u00e9<\/a> r\u00e9git la collecte, l'utilisation et la divulgation de vos informations personnelles. En utilisant le site web, vous consentez \u00e0 la collecte et \u00e0 l'utilisation de vos informations conform\u00e9ment \u00e0 notre politique de confidentialit\u00e9. <a href=\"https:\/\/invictisrealty.com\/fr\/privacy-policy\/\" data-type=\"link\" data-id=\"https:\/\/invictisrealty.com\/privacy-policy\/\">Politique de confidentialit\u00e9<\/a>.<\/li>\n<\/ul>\n<\/li>\n<\/ol>\n\n\n\n<ol start=\"5\" class=\"wp-block-list\">\n<li><strong>Modifications<\/strong>\n<ul class=\"wp-block-list\">\n<li>Nous nous r\u00e9servons le droit de modifier ou de mettre \u00e0 jour les pr\u00e9sentes conditions \u00e0 tout moment. Toute modification entrera en vigueur d\u00e8s sa publication sur le site web. En continuant \u00e0 utiliser le site web apr\u00e8s la publication des conditions r\u00e9vis\u00e9es, vous acceptez ces modifications.<\/li>\n<\/ul>\n<\/li>\n<\/ol>\n\n\n\n<ol start=\"6\" class=\"wp-block-list\">\n<li><strong>Cessation d'activit\u00e9<\/strong>\n<ul class=\"wp-block-list\">\n<li>Nous pouvons r\u00e9silier ou suspendre votre acc\u00e8s au site web \u00e0 tout moment, avec ou sans motif, et sans pr\u00e9avis ni responsabilit\u00e9.<\/li>\n<\/ul>\n<\/li>\n<\/ol>\n\n\n\n<ol start=\"7\" class=\"wp-block-list\">\n<li><strong>Droit applicable<\/strong>\n<ul class=\"wp-block-list\">\n<li>Les pr\u00e9sentes conditions sont r\u00e9gies et interpr\u00e9t\u00e9es conform\u00e9ment aux lois de la Colombie-Britannique et du Canada, sans tenir compte des principes de conflit de lois.<\/li>\n<\/ul>\n<\/li>\n<\/ol>\n\n\n\n<ol start=\"8\" class=\"wp-block-list\">\n<li><strong>Contactez nous<\/strong>\n<ul class=\"wp-block-list\">\n<li>If you have any questions about these Terms, please contact us at <a href=\"mailto:contact@invictisrealty.com\">contact@invictisrealty.com<\/a><\/li>\n\n\n\n<li>En utilisant le site web, vous acceptez d'\u00eatre li\u00e9 par ces conditions. Si vous n'acceptez pas ces conditions, veuillez ne pas utiliser le site web.<\/li>\n<\/ul>\n<\/li>\n<\/ol>\n\n\n\n<p><strong>Derni\u00e8re mise \u00e0 jour : juin 2024<\/strong><\/p>\n<\/div>\n<\/div>\n\n\n\n<div style=\"height:60px\" aria-hidden=\"true\" class=\"wp-block-spacer\"><\/div>","protected":false},"excerpt":{"rendered":"<p>Welcome to Invictis Property Management Inc! These terms of use govern your access to and use of Invictis Property Management Inc, including any content, functionality, and services offered on or through the Website. By accessing or using the Website, you agree to these Terms. Regardless of collection methodology, you are consenting to the storage, and [&hellip;]<\/p>\n","protected":false},"author":1,"featured_media":0,"parent":0,"menu_order":0,"comment_status":"closed","ping_status":"closed","template":"","meta":{"footnotes":""},"class_list":["post-26","page","type-page","status-publish","hentry"],"_links":{"self":[{"href":"https:\/\/invictisrealty.com\/fr\/wp-json\/wp\/v2\/pages\/26","targetHints":{"allow":["GET"]}}],"collection":[{"href":"https:\/\/invictisrealty.com\/fr\/wp-json\/wp\/v2\/pages"}],"about":[{"href":"https:\/\/invictisrealty.com\/fr\/wp-json\/wp\/v2\/types\/page"}],"author":[{"embeddable":true,"href":"https:\/\/invictisrealty.com\/fr\/wp-json\/wp\/v2\/users\/1"}],"replies":[{"embeddable":true,"href":"https:\/\/invictisrealty.com\/fr\/wp-json\/wp\/v2\/comments?post=26"}],"version-history":[{"count":21,"href":"https:\/\/invictisrealty.com\/fr\/wp-json\/wp\/v2\/pages\/26\/revisions"}],"predecessor-version":[{"id":1940,"href":"https:\/\/invictisrealty.com\/fr\/wp-json\/wp\/v2\/pages\/26\/revisions\/1940"}],"wp:attachment":[{"href":"https:\/\/invictisrealty.com\/fr\/wp-json\/wp\/v2\/media?parent=26"}],"curies":[{"name":"wp","href":"https:\/\/api.w.org\/{rel}","templated":true}]}}