{"id":24,"date":"2024-04-28T14:24:26","date_gmt":"2024-04-28T14:24:26","guid":{"rendered":"https:\/\/invictisrealty.com\/?page_id=24"},"modified":"2024-10-21T09:52:57","modified_gmt":"2024-10-21T16:52:57","slug":"copyright","status":"publish","type":"page","link":"https:\/\/invictisrealty.com\/fr\/copyright\/","title":{"rendered":"Droits d'auteur"},"content":{"rendered":"<div class=\"wp-block-group alignfull extra has-global-padding is-layout-constrained wp-block-group-is-layout-constrained\"><h2 style=\"padding-top:var(--wp--preset--spacing--50);padding-bottom:var(--wp--preset--spacing--50);\" class=\"alignwide invictis-mobile-copyright-center wp-block-post-title\">Droits d'auteur<\/h2><\/div>\n\n\n\n<div style=\"height:10px\" aria-hidden=\"true\" class=\"wp-block-spacer\"><\/div>\n\n\n\n<div class=\"wp-block-group alignwide has-global-padding is-layout-constrained wp-container-core-group-is-layout-f4527f8c wp-block-group-is-layout-constrained\">\n<div class=\"wp-block-group alignwide is-vertical is-layout-flex wp-container-core-group-is-layout-fe9cc265 wp-block-group-is-layout-flex\">\n<p><strong>Copyright \u00a9 2024 Invictis Property Management Inc. Tous droits r\u00e9serv\u00e9s.<\/strong><\/p>\n\n\n\n<p>Ce site web et son contenu sont prot\u00e9g\u00e9s par les droits d'auteur de <strong>Invictis Property Management Inc<\/strong>. Toute redistribution ou reproduction d'une partie ou de la totalit\u00e9 du contenu sous quelque forme que ce soit est interdite, \u00e0 l'exception de ce qui suit :<\/p>\n\n\n\n<p>Vous pouvez imprimer ou t\u00e9l\u00e9charger des extraits sur un disque dur local pour votre usage personnel et non commercial uniquement. Vous pouvez copier le contenu \u00e0 des tiers individuels pour leur usage personnel, mais uniquement si vous mentionnez le site web comme source du mat\u00e9riel. Vous ne pouvez pas, sauf autorisation \u00e9crite expresse de notre part, distribuer ou exploiter commercialement le contenu. Vous ne pouvez pas non plus le transmettre ou le stocker sur un autre site web ou dans une autre forme de syst\u00e8me de recherche \u00e9lectronique.<\/p>\n\n\n\n<p style=\"font-size:1.3rem\"><strong>Marques d\u00e9pos\u00e9es :<\/strong><\/p>\n\n\n\n<p>Toutes les marques reproduites sur ce site web, qui ne sont pas la propri\u00e9t\u00e9 de l'op\u00e9rateur ou qui ne lui ont pas \u00e9t\u00e9 conc\u00e9d\u00e9es sous licence, sont reconnues sur le site web.<\/p>\n\n\n\n<p style=\"font-size:1.3rem\"><strong>Contenu de tiers :<\/strong><\/p>\n\n\n\n<p>Ce site web peut inclure des liens vers des sites web ou des contenus de tiers. Nous ne sommes pas responsables du contenu de ces sites et l'inclusion de ces liens ne signifie pas que nous en approuvons le contenu.<\/p>\n\n\n\n<p style=\"font-size:1.3rem\"><strong>Avis juridique :<\/strong><\/p>\n\n\n\n<p>L'utilisation de ce site web et tout litige d\u00e9coulant de cette utilisation sont soumis aux lois de la Colombie-Britannique.<\/p>\n\n\n\n<p style=\"font-size:1.3rem\"><strong>Informations de contact :<\/strong><\/p>\n\n\n\n<p>If you have any questions or concerns regarding the copyright or use of content on this website, please contact us at <a href=\"mailto:invictis99@gmail.com?trp-edit-translation=preview\">contact@invictisrealty.com<\/a><\/p>\n\n\n\n<p><strong>Derni\u00e8re mise \u00e0 jour : juin 2024<\/strong><\/p>\n<\/div>\n<\/div>\n\n\n\n<div style=\"height:60px\" aria-hidden=\"true\" class=\"wp-block-spacer\"><\/div>","protected":false},"excerpt":{"rendered":"<p>Copyright \u00a9 2024 Invictis Property Management Inc. All Rights Reserved. This website and its content are copyright of Invictis Property Management Inc. Any redistribution or reproduction of part or all of the contents in any form is prohibited other than the following: You may print or download to a local hard disk extracts for your [&hellip;]<\/p>\n","protected":false},"author":1,"featured_media":0,"parent":0,"menu_order":0,"comment_status":"closed","ping_status":"closed","template":"","meta":{"footnotes":""},"class_list":["post-24","page","type-page","status-publish","hentry"],"_links":{"self":[{"href":"https:\/\/invictisrealty.com\/fr\/wp-json\/wp\/v2\/pages\/24","targetHints":{"allow":["GET"]}}],"collection":[{"href":"https:\/\/invictisrealty.com\/fr\/wp-json\/wp\/v2\/pages"}],"about":[{"href":"https:\/\/invictisrealty.com\/fr\/wp-json\/wp\/v2\/types\/page"}],"author":[{"embeddable":true,"href":"https:\/\/invictisrealty.com\/fr\/wp-json\/wp\/v2\/users\/1"}],"replies":[{"embeddable":true,"href":"https:\/\/invictisrealty.com\/fr\/wp-json\/wp\/v2\/comments?post=24"}],"version-history":[{"count":20,"href":"https:\/\/invictisrealty.com\/fr\/wp-json\/wp\/v2\/pages\/24\/revisions"}],"predecessor-version":[{"id":1938,"href":"https:\/\/invictisrealty.com\/fr\/wp-json\/wp\/v2\/pages\/24\/revisions\/1938"}],"wp:attachment":[{"href":"https:\/\/invictisrealty.com\/fr\/wp-json\/wp\/v2\/media?parent=24"}],"curies":[{"name":"wp","href":"https:\/\/api.w.org\/{rel}","templated":true}]}}