{"id":22,"date":"2024-04-28T14:24:12","date_gmt":"2024-04-28T14:24:12","guid":{"rendered":"https:\/\/invictisrealty.com\/?page_id=22"},"modified":"2024-10-21T09:51:25","modified_gmt":"2024-10-21T16:51:25","slug":"contact","status":"publish","type":"page","link":"https:\/\/invictisrealty.com\/fr\/contact\/","title":{"rendered":"Contact"},"content":{"rendered":"<div class=\"wp-block-group alignfull extra has-global-padding is-layout-constrained wp-container-core-group-is-layout-7db9d80f wp-block-group-is-layout-constrained\" style=\"padding-right:0;padding-left:0\">\n<div class=\"wp-block-group alignwide is-content-justification-space-between is-layout-flex wp-container-core-group-is-layout-d033882e wp-block-group-is-layout-flex\" style=\"padding-right:15px;padding-left:15px\"><h1 style=\"padding-right:0;padding-left:0;padding-top:var(--wp--preset--spacing--50);padding-bottom:var(--wp--preset--spacing--50);\" class=\"invictis-mobile-contact-center wp-block-post-title\">Contact<\/h1>\n\n\n<figure class=\"wp-block-pullquote invictis-mobile-quote has-medium-font-size\" style=\"padding-top:0;padding-right:0;padding-bottom:0;padding-left:0\"><blockquote><p>\"Il y a une chose que je dis \u00e0 tout le monde, c'est de s'informer sur l'immobilier. R\u00e9p\u00e9tez apr\u00e8s moi : l'immobilier fournit<br>les rendements les plus \u00e9lev\u00e9s, les valeurs les plus importantes et les risques les plus faibles.\n\"<\/p><cite>Armstrong Williams<\/cite><\/blockquote><\/figure>\n<\/div>\n<\/div>\n\n\n\n<div style=\"height:10px\" aria-hidden=\"true\" class=\"wp-block-spacer\"><\/div>\n\n\n\n<div class=\"wp-block-group alignwide has-global-padding is-layout-constrained wp-block-group-is-layout-constrained\">\n<div class=\"wp-block-columns alignwide is-layout-flex wp-container-core-columns-is-layout-28f84493 wp-block-columns-is-layout-flex\">\n<div class=\"wp-block-column contact-deco is-layout-flow wp-block-column-is-layout-flow\" style=\"flex-basis:50%\">\n<p class=\"has-dark-gold-color has-text-color has-link-color wp-elements-67b1c68c345ea8b73d5c0cbb3f169ccf\" style=\"font-size:26px\">contact@invictisrealty.com<\/p>\n\n\n\n<p class=\"has-dark-gold-color has-text-color has-link-color wp-elements-0320191998d3c502b08234c27cf92c46\" style=\"font-size:26px\">(+1) (314) 239 &#8211; 3502<\/p>\n<\/div>\n\n\n\n<div class=\"wp-block-column is-layout-flow wp-block-column-is-layout-flow\" style=\"flex-basis:50%\">\n<div class=\"forminator-guttenberg\"><div class=\"forminator-ui forminator-custom-form forminator-custom-form-378 forminator-design--default  forminator_ajax\" data-forminator-render=\"0\" data-form=\"forminator-module-378\" data-uid=\"69f27d5188533\"><br\/><\/div><form\n\t\t\t\tid=\"forminator-module-378\"\n\t\t\t\tclass=\"forminator-ui forminator-custom-form forminator-custom-form-378 forminator-design--default  forminator_ajax\"\n\t\t\t\tmethod=\"post\"\n\t\t\t\tdata-forminator-render=\"0\"\n\t\t\t\tdata-form-id=\"378\"\n\t\t\t\t data-color-option=\"default\" data-design=\"default\" data-grid=\"open\" style=\"display: none;\"\n\t\t\t\tdata-uid=\"69f27d5188533\" action=\"\"\n\t\t\t><div role=\"alert\" aria-live=\"polite\" class=\"forminator-response-message forminator-error\" aria-hidden=\"true\"><\/div><div class=\"forminator-row\"><div id=\"name-1\" class=\"forminator-field-name forminator-col forminator-col-12\"><div class=\"forminator-field\"><label for=\"forminator-field-name-1_69f27d5188533\" id=\"forminator-field-name-1_69f27d5188533-label\" class=\"forminator-label\">Pr\u00e9nom <span class=\"forminator-required\">*<\/span><\/label><input type=\"text\" name=\"name-1\" value=\"\" placeholder=\"\" id=\"forminator-field-name-1_69f27d5188533\" class=\"forminator-input forminator-name--field\" aria-required=\"true\" autocomplete=\"name\" \/><\/div><\/div><\/div><div class=\"forminator-row\"><div id=\"name-2\" class=\"forminator-field-name forminator-col forminator-col-12\"><div class=\"forminator-field\"><label for=\"forminator-field-name-2_69f27d5188533\" id=\"forminator-field-name-2_69f27d5188533-label\" class=\"forminator-label\">Nom de famille <span class=\"forminator-required\">*<\/span><\/label><input type=\"text\" name=\"name-2\" value=\"\" placeholder=\"\" id=\"forminator-field-name-2_69f27d5188533\" class=\"forminator-input forminator-name--field\" aria-required=\"true\" autocomplete=\"name\" \/><\/div><\/div><\/div><div class=\"forminator-row\"><div id=\"email-1\" class=\"forminator-field-email forminator-col forminator-col-12\"><div class=\"forminator-field\"><label for=\"forminator-field-email-1_69f27d5188533\" id=\"forminator-field-email-1_69f27d5188533-label\" class=\"forminator-label\">E-mail <span class=\"forminator-required\">*<\/span><\/label><input type=\"email\" name=\"email-1\" value=\"\" placeholder=\"\" id=\"forminator-field-email-1_69f27d5188533\" class=\"forminator-input forminator-email--field\" data-required=\"true\" aria-required=\"true\" autocomplete=\"email\" \/><\/div><\/div><\/div><div class=\"forminator-row\"><div id=\"phone-1\" class=\"forminator-field-phone forminator-col forminator-col-12\"><div class=\"forminator-field\"><label for=\"forminator-field-phone-1_69f27d5188533\" id=\"forminator-field-phone-1_69f27d5188533-label\" class=\"forminator-label\">Num\u00e9ro de t\u00e9l\u00e9phone <span class=\"forminator-required\">*<\/span><\/label><input type=\"text\" name=\"phone-1\" value=\"\" placeholder=\"\" id=\"forminator-field-phone-1_69f27d5188533\" class=\"forminator-input forminator-field--phone\" data-required=\"1\" aria-required=\"true\" autocomplete=\"off\" \/><\/div><\/div><\/div><div class=\"forminator-row\"><div id=\"textarea-1\" class=\"forminator-field-textarea forminator-col forminator-col-12\"><div class=\"forminator-field\"><label for=\"forminator-field-textarea-1_69f27d5188533\" id=\"forminator-field-textarea-1_69f27d5188533-label\" class=\"forminator-label\">Message <span class=\"forminator-required\">*<\/span><\/label><textarea name=\"textarea-1\" placeholder=\"\" id=\"forminator-field-textarea-1_69f27d5188533\" class=\"forminator-textarea\" rows=\"6\" style=\"--forminator-textarea-min-height:200px;\" maxlength=\"420\" ><\/textarea><span id=\"forminator-field-textarea-1_69f27d5188533-description\" class=\"forminator-description\"><span data-limit=\"420\" data-type=\"characters\" data-editor=\"\">0 \/ 420<\/span><\/span><\/div><\/div><\/div><div class=\"forminator-row\" style=\"margin: 0;\"><div id=\"captcha-1\" class=\"forminator-field-captcha  forminator-col-12\"><div class=\"forminator-captcha-right forminator-g-recaptcha recaptcha-invisible\" data-theme=\"light\" data-badge=\"bottomright\" data-sitekey=\"6LdGCWoqAAAAAL4t3CzpgFTo2uvkX1X9CYRhUhcz\" data-size=\"invisible\"><\/div> <\/div><\/div><input type=\"hidden\" name=\"referer_url\" value=\"\" \/><div class=\"forminator-row forminator-row-last\"><div class=\"forminator-col\"><div class=\"forminator-field\"><button class=\"forminator-button forminator-button-submit\">Envoyer<\/button><\/div><\/div><\/div><input type=\"hidden\" id=\"forminator_nonce\" name=\"forminator_nonce\" value=\"3eac33e5a1\" \/><input type=\"hidden\" name=\"_wp_http_referer\" value=\"\/fr\/wp-json\/wp\/v2\/pages\/22\" \/><input type=\"hidden\" name=\"form_id\" value=\"378\"><input type=\"hidden\" name=\"page_id\" value=\"22\"><input type=\"hidden\" name=\"form_type\" value=\"default\"><input type=\"hidden\" name=\"current_url\" value=\"https:\/\/invictisrealty.com\/fr\/contact\/\"><input type=\"hidden\" name=\"render_id\" value=\"0\"><input type=\"hidden\" name=\"action\" value=\"forminator_submit_form_custom-forms\"><label for=\"input_6\" class=\"forminator-hidden\" aria-hidden=\"true\">Please do not fill in this field. <input id=\"input_6\" type=\"text\" name=\"input_6\" value=\"\" autocomplete=\"off\"><\/label><input type=\"hidden\" name=\"trp-form-language\" value=\"fr\"\/><\/form><\/div>\n<\/div>\n<\/div>\n<\/div>\n\n\n\n<div style=\"height:60px\" aria-hidden=\"true\" class=\"wp-block-spacer\"><\/div>","protected":false},"excerpt":{"rendered":"<p>&#8220;Now, one thing I tell everyone is learn about real estate. Repeat after me: real estate providesthe highest returns, the greatest values and the least risk.&#8221; Armstrong Williams contact@invictisrealty.com (+1) (314) 239 &#8211; 3502<\/p>","protected":false},"author":1,"featured_media":0,"parent":0,"menu_order":6,"comment_status":"closed","ping_status":"closed","template":"","meta":{"footnotes":""},"class_list":["post-22","page","type-page","status-publish","hentry"],"_links":{"self":[{"href":"https:\/\/invictisrealty.com\/fr\/wp-json\/wp\/v2\/pages\/22","targetHints":{"allow":["GET"]}}],"collection":[{"href":"https:\/\/invictisrealty.com\/fr\/wp-json\/wp\/v2\/pages"}],"about":[{"href":"https:\/\/invictisrealty.com\/fr\/wp-json\/wp\/v2\/types\/page"}],"author":[{"embeddable":true,"href":"https:\/\/invictisrealty.com\/fr\/wp-json\/wp\/v2\/users\/1"}],"replies":[{"embeddable":true,"href":"https:\/\/invictisrealty.com\/fr\/wp-json\/wp\/v2\/comments?post=22"}],"version-history":[{"count":28,"href":"https:\/\/invictisrealty.com\/fr\/wp-json\/wp\/v2\/pages\/22\/revisions"}],"predecessor-version":[{"id":1936,"href":"https:\/\/invictisrealty.com\/fr\/wp-json\/wp\/v2\/pages\/22\/revisions\/1936"}],"wp:attachment":[{"href":"https:\/\/invictisrealty.com\/fr\/wp-json\/wp\/v2\/media?parent=22"}],"curies":[{"name":"wp","href":"https:\/\/api.w.org\/{rel}","templated":true}]}}