{"id":20,"date":"2024-04-28T14:24:02","date_gmt":"2024-04-28T14:24:02","guid":{"rendered":"https:\/\/invictisrealty.com\/?page_id=20"},"modified":"2024-08-06T09:49:53","modified_gmt":"2024-08-06T16:49:53","slug":"where-we-work","status":"publish","type":"page","link":"https:\/\/invictisrealty.com\/fr\/where-we-work\/","title":{"rendered":"O\u00f9 nous travaillons"},"content":{"rendered":"<div class=\"wp-block-group alignfull extra has-global-padding is-layout-constrained wp-container-core-group-is-layout-7db9d80f wp-block-group-is-layout-constrained\" style=\"padding-right:0;padding-left:0\">\n<div class=\"wp-block-group alignwide is-content-justification-space-between is-layout-flex wp-container-core-group-is-layout-d033882e wp-block-group-is-layout-flex\" style=\"padding-right:15px;padding-left:15px\"><h1 style=\"padding-right:0;padding-left:0;padding-top:var(--wp--preset--spacing--50);padding-bottom:var(--wp--preset--spacing--50);\" class=\"invictis-mobile-locations-center wp-block-post-title\">O\u00f9 nous travaillons<\/h1>\n\n\n<figure class=\"wp-block-pullquote invictis-mobile-quote has-medium-font-size\" style=\"margin-top:0;margin-right:0;margin-bottom:0;margin-left:0;padding-top:0;padding-right:0;padding-bottom:0;padding-left:0\"><blockquote><p>\"Il est tout \u00e0 fait vrai que le monopole foncier n'est pas le seul monopole qui <br>Il existe un monopole perp\u00e9tuel, le plus grand de tous.<br>la m\u00e8re de toutes les autres formes de monopole.\"<\/p><cite>Winston Churchill<\/cite><\/blockquote><\/figure>\n<\/div>\n<\/div>\n\n\n\n<div style=\"height:30px\" aria-hidden=\"true\" class=\"wp-block-spacer\"><\/div>\n\n\n\n<div class=\"wp-block-group alignwide has-global-padding is-layout-constrained wp-container-core-group-is-layout-f1f2bbc2 wp-block-group-is-layout-constrained\">\n<figure class=\"wp-block-image alignwide size-full has-custom-border invictis-mobile-location-image\"><img loading=\"lazy\" decoding=\"async\" width=\"1920\" height=\"800\" src=\"https:\/\/invictisrealty.com\/wp-content\/uploads\/2024\/05\/Vancouver-1920-e1716386369505.jpg\" alt=\"Vancouver\" class=\"wp-image-1302\" style=\"border-radius:10px\" srcset=\"https:\/\/invictisrealty.com\/wp-content\/uploads\/2024\/05\/Vancouver-1920-e1716386369505.jpg 1920w, https:\/\/invictisrealty.com\/wp-content\/uploads\/2024\/05\/Vancouver-1920-e1716386369505-300x125.jpg 300w, https:\/\/invictisrealty.com\/wp-content\/uploads\/2024\/05\/Vancouver-1920-e1716386369505-1640x683.jpg 1640w, https:\/\/invictisrealty.com\/wp-content\/uploads\/2024\/05\/Vancouver-1920-e1716386369505-768x320.jpg 768w, https:\/\/invictisrealty.com\/wp-content\/uploads\/2024\/05\/Vancouver-1920-e1716386369505-1536x640.jpg 1536w, https:\/\/invictisrealty.com\/wp-content\/uploads\/2024\/05\/Vancouver-1920-e1716386369505-200x83.jpg 200w\" sizes=\"auto, (max-width: 1920px) 100vw, 1920px\" \/><\/figure>\n<\/div>\n\n\n\n<div style=\"height:20px\" aria-hidden=\"true\" class=\"wp-block-spacer\"><\/div>\n\n\n\n<div class=\"wp-block-group alignwide has-global-padding is-layout-constrained wp-container-core-group-is-layout-d1eeeed6 wp-block-group-is-layout-constrained\">\n<div class=\"wp-block-columns alignwide is-layout-flex wp-container-core-columns-is-layout-28f84493 wp-block-columns-is-layout-flex\">\n<div class=\"wp-block-column is-layout-flow wp-block-column-is-layout-flow\">\n<h2 class=\"wp-block-heading\">Pensez \u00e0 la Colombie-Britannique<\/h2>\n<\/div>\n\n\n\n<div class=\"wp-block-column is-layout-flow wp-block-column-is-layout-flow\">\n<p>Bienvenue en Colombie-Britannique, le c\u0153ur battant de nos passions et de nos activit\u00e9s. Ici, au milieu des paysages \u00e9poustouflants de montagnes majestueuses, de for\u00eats luxuriantes et d'eaux \u00e9tincelantes, vous trouverez une province qui n'est pas seulement un lieu de vie et de travail, mais un lieu o\u00f9 l'on peut v\u00e9ritablement s'\u00e9panouir.<\/p>\n\n\n\n<p>De l'effervescence des paysages urbains de Vancouver aux rivages sereins des communaut\u00e9s c\u00f4ti\u00e8res de Victoria, la Colombie-Britannique est un havre de diversit\u00e9 et de vitalit\u00e9. C'est un endroit o\u00f9 la modernit\u00e9 danse main dans la main avec la splendeur de la nature, cr\u00e9ant une tapisserie d'exp\u00e9riences qui enrichissent la vie de tous ceux qui l'appellent chez eux.<\/p>\n\n\n\n<p>En Colombie-Britannique, vous d\u00e9couvrirez un m\u00e9lange harmonieux de vie urbaine tr\u00e9pidante et d'aventures en plein air sans limites. Que vous exploriez les hauts lieux culturels ou que vous vous aventuriez dans la nature sauvage, chaque coin de cette province raconte une histoire de r\u00e9silience, d'innovation et de possibilit\u00e9s infinies.<\/p>\n\n\n\n<p>Alors venez, laissez l'esprit de cette terre remarquable vous inspirer en explorant ses paysages \u00e0 couper le souffle et ses communaut\u00e9s dynamiques. Ici, au milieu de la chaleur et du charme de la Colombie-Britannique, vous trouverez un endroit que vous pouvez appeler chez vous et qui gardera \u00e0 jamais une place sp\u00e9ciale dans votre c\u0153ur. Bienvenue.<\/p>\n<\/div>\n<\/div>\n<\/div>\n\n\n\n<div style=\"height:60px\" aria-hidden=\"true\" class=\"wp-block-spacer\"><\/div>","protected":false},"excerpt":{"rendered":"<p>\u201cIt is quite true that land monopoly is not the only monopoly which exists, but it is by far the greatest of monopolies \u2013 it is a perpetual monopoly, and it isthe mother of all other forms of monopoly.\u201d Winston Churchill Think British Columbia Welcome to British Columbia, the beating heart of our passions and [&hellip;]<\/p>\n","protected":false},"author":1,"featured_media":0,"parent":0,"menu_order":5,"comment_status":"closed","ping_status":"closed","template":"","meta":{"footnotes":""},"class_list":["post-20","page","type-page","status-publish","hentry"],"_links":{"self":[{"href":"https:\/\/invictisrealty.com\/fr\/wp-json\/wp\/v2\/pages\/20","targetHints":{"allow":["GET"]}}],"collection":[{"href":"https:\/\/invictisrealty.com\/fr\/wp-json\/wp\/v2\/pages"}],"about":[{"href":"https:\/\/invictisrealty.com\/fr\/wp-json\/wp\/v2\/types\/page"}],"author":[{"embeddable":true,"href":"https:\/\/invictisrealty.com\/fr\/wp-json\/wp\/v2\/users\/1"}],"replies":[{"embeddable":true,"href":"https:\/\/invictisrealty.com\/fr\/wp-json\/wp\/v2\/comments?post=20"}],"version-history":[{"count":28,"href":"https:\/\/invictisrealty.com\/fr\/wp-json\/wp\/v2\/pages\/20\/revisions"}],"predecessor-version":[{"id":1724,"href":"https:\/\/invictisrealty.com\/fr\/wp-json\/wp\/v2\/pages\/20\/revisions\/1724"}],"wp:attachment":[{"href":"https:\/\/invictisrealty.com\/fr\/wp-json\/wp\/v2\/media?parent=20"}],"curies":[{"name":"wp","href":"https:\/\/api.w.org\/{rel}","templated":true}]}}