{"id":1909,"date":"2024-08-14T11:25:23","date_gmt":"2024-08-14T18:25:23","guid":{"rendered":"https:\/\/invictisrealty.com\/?page_id=1909"},"modified":"2024-10-23T13:21:13","modified_gmt":"2024-10-23T20:21:13","slug":"cookie-policy-ca","status":"publish","type":"page","link":"https:\/\/invictisrealty.com\/fr\/cookie-policy-ca\/","title":{"rendered":"Cookies (CA)"},"content":{"rendered":"<div class=\"wp-block-group alignfull extra has-global-padding is-layout-constrained wp-block-group-is-layout-constrained\"><h2 style=\"padding-top:var(--wp--preset--spacing--50);padding-bottom:var(--wp--preset--spacing--50);\" class=\"alignwide invictis-mobile-copyright-center wp-block-post-title\">Cookies (CA)<\/h2><\/div>\n\n\n\n<div style=\"height:10px\" aria-hidden=\"true\" class=\"wp-block-spacer\"><\/div>\n\n\n\n<div class=\"wp-block-group alignwide has-global-padding is-layout-constrained wp-container-core-group-is-layout-5fb0786f wp-block-group-is-layout-constrained\">\n<div class=\"wp-block-group alignwide is-vertical is-layout-flex wp-container-core-group-is-layout-fe9cc265 wp-block-group-is-layout-flex\">\n<ul class=\"wp-block-list\">\n<li>1. Introduction\n<ul class=\"wp-block-list\">\n<li>Notre site web,&nbsp;<a href=\"https:\/\/invictisrealty.com\/fr\/\">https:\/\/invictisrealty.com<\/a>&nbsp;(ci-apr\u00e8s : \u00ab le site web \u00bb) utilise des cookies et d'autres technologies connexes (par commodit\u00e9, toutes les technologies sont d\u00e9sign\u00e9es par le terme \u00ab cookies \u00bb). Des cookies sont \u00e9galement plac\u00e9s par des tiers auxquels nous avons fait appel. Dans le document ci-dessous, nous vous informons sur l'utilisation des cookies sur notre site web.<\/li>\n<\/ul>\n<\/li>\n<\/ul>\n\n\n\n<ul class=\"wp-block-list\">\n<li>2. Qu'est-ce qu'un cookie ?\n<ul class=\"wp-block-list\">\n<li>Un cookie est un petit fichier simple qui est envoy\u00e9 avec les pages de ce site web et stock\u00e9 par votre navigateur sur le disque dur de votre ordinateur ou d'un autre appareil. Les informations qui y sont stock\u00e9es peuvent \u00eatre renvoy\u00e9es \u00e0 nos serveurs ou aux serveurs des tiers concern\u00e9s lors d'une visite ult\u00e9rieure.<\/li>\n<\/ul>\n<\/li>\n<\/ul>\n\n\n\n<ul class=\"wp-block-list\">\n<li>3. Qu'est-ce qu'un script ?\n<ul class=\"wp-block-list\">\n<li>Un script est un morceau de code de programme qui est utilis\u00e9 pour faire fonctionner notre site web correctement et de mani\u00e8re interactive. Ce code est ex\u00e9cut\u00e9 sur notre serveur ou sur votre appareil.<\/li>\n<\/ul>\n<\/li>\n<\/ul>\n\n\n\n<ul class=\"wp-block-list\">\n<li>4. Qu'est-ce qu'une balise web ?\n<ul class=\"wp-block-list\">\n<li>Une balise web (ou pixel tag) est un petit \u00e9l\u00e9ment invisible de texte ou d'image sur un site web qui est utilis\u00e9 pour surveiller le trafic sur un site web. Pour ce faire, diverses donn\u00e9es vous concernant sont stock\u00e9es \u00e0 l'aide de balises web.<\/li>\n<\/ul>\n<\/li>\n<\/ul>\n\n\n\n<ul class=\"wp-block-list\">\n<li>5. Tiers\n<ul class=\"wp-block-list\">\n<li>Nous avons conclu des accords sur l'utilisation des cookies avec d'autres entreprises qui placent des cookies. Nous ne pouvons toutefois pas garantir que ces tiers traitent vos donn\u00e9es personnelles de mani\u00e8re fiable et s\u00fbre. Les parties telles que Google doivent \u00eatre consid\u00e9r\u00e9es comme des contr\u00f4leurs de donn\u00e9es ind\u00e9pendants. Nous vous recommandons de lire les d\u00e9clarations de confidentialit\u00e9 de ces entreprises.<\/li>\n<\/ul>\n<\/li>\n<\/ul>\n\n\n\n<ul class=\"wp-block-list\">\n<li>6. Cookies\n<ul class=\"wp-block-list\">\n<li>6.1 Cookies techniques ou fonctionnels : Certains cookies garantissent que certaines parties du site web fonctionnent correctement et que vos pr\u00e9f\u00e9rences d'utilisateur restent connues. En pla\u00e7ant des cookies fonctionnels, nous facilitons votre visite sur notre site web. Ainsi, vous n'avez pas besoin de saisir plusieurs fois les m\u00eames informations lorsque vous visitez notre site web.<\/li>\n\n\n\n<li>6.2 Cookies de marketing\/suivi : Les cookies de marketing\/suivi sont des cookies ou toute autre forme de stockage local, utilis\u00e9s pour cr\u00e9er des profils d'utilisateurs afin d'afficher de la publicit\u00e9 ou de suivre l'utilisateur sur ce site web ou sur plusieurs sites web \u00e0 des fins de marketing similaires.<\/li>\n\n\n\n<li>6.3 Social media: On our website, we have links to Instagram, Facebook and LinkedIn to promote web pages.<br><br>Veuillez lire la d\u00e9claration de confidentialit\u00e9 de ces r\u00e9seaux sociaux (qui peut changer r\u00e9guli\u00e8rement) pour savoir ce qu'ils font de vos donn\u00e9es (personnelles) qu'ils traitent \u00e0 l'aide de ces cookies. Les donn\u00e9es r\u00e9cup\u00e9r\u00e9es sont anonymis\u00e9es dans la mesure du possible. Instagram, Facebook et LinkedIn sont situ\u00e9s aux \u00c9tats-Unis.<\/li>\n<\/ul>\n<\/li>\n<\/ul>\n\n\n\n<ul class=\"wp-block-list\">\n<li>7. Placer des cookies\n<ul class=\"wp-block-list\">\n<li>Adobe Fonts\n<ul class=\"wp-block-list\">\n<li>Nous utilisons les polices Adobe pour l'affichage des polices web.&nbsp;<a href=\"https:\/\/cookiedatabase.org\/service\/adobefonts\/\">En savoir plus<\/a><br>Pour plus d'informations, veuillez lire la&nbsp;<a href=\"https:\/\/www.adobe.com\/privacy\/policies\/adobe-fonts.html\">D\u00e9claration de confidentialit\u00e9 des polices Adobe<\/a>.<\/li>\n<\/ul>\n<\/li>\n\n\n\n<li>Google Fonts\n<ul class=\"wp-block-list\">\n<li>Nous utilisons Google Fonts pour l'affichage des polices de caract\u00e8res.&nbsp;<a href=\"https:\/\/cookiedatabase.org\/service\/google-fonts\/\">En savoir plus<\/a><br>Pour plus d'informations, veuillez lire la&nbsp;<a href=\"https:\/\/policies.google.com\/privacy\">D\u00e9claration de confidentialit\u00e9 de Google Fonts<\/a>.<\/li>\n<\/ul>\n<\/li>\n\n\n\n<li>Google Maps\n<ul class=\"wp-block-list\">\n<li>Nous utilisons Google Maps pour l'affichage des cartes.&nbsp;<a href=\"https:\/\/cookiedatabase.org\/service\/google-maps\/\">En savoir plus<\/a><br>Pour plus d'informations, veuillez lire la&nbsp;<a href=\"https:\/\/business.safety.google\/privacy\/\">D\u00e9claration de confidentialit\u00e9 de Google Maps<\/a>.<\/li>\n<\/ul>\n<\/li>\n\n\n\n<li>Complianz\n<ul class=\"wp-block-list\">\n<li>Nous utilisons Complianz pour la gestion du consentement aux cookies.&nbsp;<a href=\"https:\/\/cookiedatabase.org\/service\/complianz\/\">En savoir plus<\/a><br>Ces donn\u00e9es ne sont pas communiqu\u00e9es \u00e0 des tiers. Pour plus d'informations, veuillez lire la&nbsp;<a href=\"https:\/\/complianz.io\/legal\/privacy-statement\/\">D\u00e9claration de confidentialit\u00e9 de Complianz<\/a>.<\/li>\n<\/ul>\n<\/li>\n\n\n\n<li>Google reCAPTCHA\n<ul class=\"wp-block-list\">\n<li>Nous utilisons Google reCAPTCHA pour la pr\u00e9vention des spams.&nbsp;<a href=\"https:\/\/cookiedatabase.org\/service\/google-recaptcha\/\">En savoir plus<\/a><br>Pour plus d'informations, veuillez lire la&nbsp;<a href=\"https:\/\/policies.google.com\/privacy\">D\u00e9claration de confidentialit\u00e9 de Google reCAPTCHA<\/a>.<\/li>\n<\/ul>\n<\/li>\n\n\n\n<li>Facebook\n<ul class=\"wp-block-list\">\n<li>Nous utilisons Facebook.&nbsp;<a href=\"https:\/\/cookiedatabase.org\/service\/facebook\/\">En savoir plus<\/a><br>Pour plus d'informations, veuillez lire la&nbsp;<a href=\"https:\/\/www.facebook.com\/policy\/cookies\">D\u00e9claration de confidentialit\u00e9 de Facebook<\/a>.<\/li>\n<\/ul>\n<\/li>\n\n\n\n<li>LinkedIn\n<ul class=\"wp-block-list\">\n<li>Nous utilisons LinkedIn.&nbsp;<a href=\"https:\/\/cookiedatabase.org\/service\/linkedin\/\">En savoir plus<\/a><br>Pour plus d'informations, veuillez lire la&nbsp;<a href=\"https:\/\/www.linkedin.com\/legal\/privacy-policy\">D\u00e9claration de confidentialit\u00e9 de LinkedIn<\/a>.<\/li>\n<\/ul>\n<\/li>\n<\/ul>\n<\/li>\n<\/ul>\n\n\n\n<ul class=\"wp-block-list\">\n<li>8. Cookie Data Retention\n<ul class=\"wp-block-list\">\n<li>We retain some data collected through cookies. You can manage or delete cookies directly through your browser settings at any time. Please note that blocking or deleting cookies may impact the functionality of our website and limit your user experience.<\/li>\n<\/ul>\n<\/li>\n<\/ul>\n\n\n\n<ul class=\"wp-block-list\">\n<li>9. Consent\n<ul class=\"wp-block-list\">\n<li>Lorsque vous visitez notre site web pour la premi\u00e8re fois, nous affichons une fen\u00eatre contextuelle contenant une explication sur les cookies. Vous avez le droit de refuser et de vous opposer \u00e0 l'utilisation ult\u00e9rieure de cookies non fonctionnels.<\/li>\n\n\n\n<li>8.1 G\u00e9rer vos param\u00e8tres de consentement : Vous avez charg\u00e9 la politique en mati\u00e8re de cookies sans support javascript. Sur AMP, vous pouvez utiliser le bouton de gestion du consentement au bas de la page.<br><br>Vous pouvez \u00e9galement d\u00e9sactiver l'utilisation des cookies via votre navigateur, mais veuillez noter que notre site web pourrait ne plus fonctionner correctement.<\/li>\n<\/ul>\n<\/li>\n<\/ul>\n\n\n\n<ul class=\"wp-block-list\">\n<li>10. Enabling\/disabling and deleting cookies\n<ul class=\"wp-block-list\">\n<li>Vous pouvez utiliser votre navigateur Internet pour supprimer automatiquement ou manuellement les cookies. Vous pouvez \u00e9galement sp\u00e9cifier que certains cookies ne doivent pas \u00eatre plac\u00e9s. Vous pouvez \u00e9galement modifier les param\u00e8tres de votre navigateur Internet de mani\u00e8re \u00e0 recevoir un message chaque fois qu'un cookie est plac\u00e9. Pour plus d'informations sur ces options, veuillez vous r\u00e9f\u00e9rer aux instructions de la section d'aide de votre navigateur. Vous pouvez \u00e9galement indiquer vos pr\u00e9f\u00e9rences sur la page suivante :&nbsp;<a href=\"https:\/\/youradchoices.ca\/\">youradchoices.ca<\/a><br><br>Veuillez noter que notre site web peut ne pas fonctionner correctement si tous les cookies sont d\u00e9sactiv\u00e9s. Si vous supprimez les cookies dans votre navigateur, ils seront \u00e0 nouveau plac\u00e9s apr\u00e8s votre consentement lorsque vous visiterez \u00e0 nouveau notre site web.<\/li>\n<\/ul>\n<\/li>\n<\/ul>\n\n\n\n<ul class=\"wp-block-list\">\n<li>11. Your rights with respect to personal data\n<ul class=\"wp-block-list\">\n<li>Vous disposez des droits suivants concernant vos donn\u00e9es personnelles :<br><\/li>\n\n\n\n<li>Vous disposez des droits suivants concernant vos donn\u00e9es personnelles :<\/li>\n\n\n\n<li>vous pouvez vous opposer au traitement ;<\/li>\n\n\n\n<li>vous pouvez demander un aper\u00e7u, dans un format couramment utilis\u00e9, des donn\u00e9es que nous traitons \u00e0 votre sujet\u00a0;<\/li>\n\n\n\n<li>Vous pouvez demander la rectification ou la suppression des donn\u00e9es si elles sont inexactes ou non ou plus pertinentes. Le cas \u00e9ch\u00e9ant, les informations modifi\u00e9es seront transmises aux tiers ayant acc\u00e8s aux informations en question.<\/li>\n\n\n\n<li>Vous avez le droit de retirer votre consentement \u00e0 tout moment, sous r\u00e9serve de restrictions l\u00e9gales ou contractuelles et d'un pr\u00e9avis raisonnable. Vous serez inform\u00e9 des cons\u00e9quences d'un tel retrait.<\/li>\n\n\n\n<li>Vous avez le droit de d\u00e9poser une plainte concernant le non-respect de la PIPEDA aupr\u00e8s de notre organisation et, si le probl\u00e8me n\u2019est pas r\u00e9solu, aupr\u00e8s du Commissariat \u00e0 la protection de la vie priv\u00e9e du Canada.<br><\/li>\n\n\n\n<li>Pour exercer ces droits, veuillez nous contacter. Veuillez vous r\u00e9f\u00e9rer aux coordonn\u00e9es au bas de la pr\u00e9sente politique de cookies. Si vous avez une r\u00e9clamation concernant la mani\u00e8re dont nous traitons vos donn\u00e9es, nous aimerions en \u00eatre inform\u00e9s.<\/li>\n<\/ul>\n<\/li>\n<\/ul>\n\n\n\n<ul class=\"wp-block-list\">\n<li>12. Contact details\n<ul class=\"wp-block-list\">\n<li>Pour toute question et\/ou commentaire concernant notre politique en mati\u00e8re de cookies et cette d\u00e9claration, veuillez nous contacter en utilisant les coordonn\u00e9es suivantes :<br><br><strong>Invictis Property Management Inc<br><\/strong><br>Canada<br>Website:&nbsp;https:\/\/invictisrealty.com<br>Email:&nbsp;<a href=\"mailto:contact@invictisrealty.com\">contact@invictisrealty.com<\/a><br>Num\u00e9ro de t\u00e9l\u00e9phone: +1 314 239 3502<br><br>Cette politique de cookies a \u00e9t\u00e9 synchronis\u00e9e avec\u00a0cookiedatabase.org\u00a0le 2024-08-06.<br><\/li>\n<\/ul>\n<\/li>\n<\/ul>\n\n\n\n<p><strong>Derni\u00e8re mise \u00e0 jour : ao\u00fbt 2024 et s\u2019applique aux citoyens et aux r\u00e9sidents permanents l\u00e9gaux du Canada.<\/strong><\/p>\n<\/div>\n<\/div>","protected":false},"excerpt":{"rendered":"<p>Derni\u00e8re mise \u00e0 jour : ao\u00fbt 2024 et s\u2019applique aux citoyens et aux r\u00e9sidents permanents l\u00e9gaux du Canada.<\/p>","protected":false},"author":1,"featured_media":0,"parent":0,"menu_order":0,"comment_status":"closed","ping_status":"closed","template":"","meta":{"footnotes":""},"class_list":["post-1909","page","type-page","status-publish","hentry"],"_links":{"self":[{"href":"https:\/\/invictisrealty.com\/fr\/wp-json\/wp\/v2\/pages\/1909","targetHints":{"allow":["GET"]}}],"collection":[{"href":"https:\/\/invictisrealty.com\/fr\/wp-json\/wp\/v2\/pages"}],"about":[{"href":"https:\/\/invictisrealty.com\/fr\/wp-json\/wp\/v2\/types\/page"}],"author":[{"embeddable":true,"href":"https:\/\/invictisrealty.com\/fr\/wp-json\/wp\/v2\/users\/1"}],"replies":[{"embeddable":true,"href":"https:\/\/invictisrealty.com\/fr\/wp-json\/wp\/v2\/comments?post=1909"}],"version-history":[{"count":8,"href":"https:\/\/invictisrealty.com\/fr\/wp-json\/wp\/v2\/pages\/1909\/revisions"}],"predecessor-version":[{"id":1950,"href":"https:\/\/invictisrealty.com\/fr\/wp-json\/wp\/v2\/pages\/1909\/revisions\/1950"}],"wp:attachment":[{"href":"https:\/\/invictisrealty.com\/fr\/wp-json\/wp\/v2\/media?parent=1909"}],"curies":[{"name":"wp","href":"https:\/\/api.w.org\/{rel}","templated":true}]}}