{"id":16,"date":"2024-04-28T14:23:36","date_gmt":"2024-04-28T14:23:36","guid":{"rendered":"https:\/\/invictisrealty.com\/?page_id=16"},"modified":"2024-08-06T09:49:33","modified_gmt":"2024-08-06T16:49:33","slug":"housing-and-rent","status":"publish","type":"page","link":"https:\/\/invictisrealty.com\/fr\/housing-and-rent\/","title":{"rendered":"Logement et loyer"},"content":{"rendered":"<div class=\"wp-block-group alignfull extra has-global-padding is-layout-constrained wp-container-core-group-is-layout-7db9d80f wp-block-group-is-layout-constrained\" style=\"padding-right:0;padding-left:0\">\n<div class=\"wp-block-group alignwide is-content-justification-space-between is-layout-flex wp-container-core-group-is-layout-d09f34cb wp-block-group-is-layout-flex\" style=\"padding-right:0;padding-left:0\"><h1 style=\"padding-right:0;padding-left:0;padding-top:var(--wp--preset--spacing--50);padding-bottom:var(--wp--preset--spacing--50);\" class=\"has-text-align-left invictis-mobile-housing-center wp-block-post-title\">Logement et loyer<\/h1>\n\n\n<figure class=\"wp-block-pullquote invictis-mobile-quote\" style=\"margin-right:0;margin-left:0;padding-right:0;padding-left:0;font-size:20px\"><blockquote><p>\"Dans l'immobilier, on apprend \u00e0 conna\u00eetre les gens, <br>les communaut\u00e9s et l'impact du gouvernement, <br>plus que dans toute autre profession.\"<\/p><cite>Johnny Isakson<\/cite><\/blockquote><\/figure>\n<\/div>\n<\/div>\n\n\n\n<div style=\"height:30px\" aria-hidden=\"true\" class=\"wp-block-spacer\"><\/div>\n\n\n\n<div class=\"wp-block-group alignwide has-global-padding is-layout-constrained wp-container-core-group-is-layout-f4527f8c wp-block-group-is-layout-constrained\" style=\"border-style:none;border-width:0px\">\n<div class=\"wp-block-group alignwide populaire-deco has-global-padding is-layout-constrained wp-block-group-is-layout-constrained\">\n<div class=\"wp-block-group alignwide has-global-padding is-content-justification-left is-layout-constrained wp-container-core-group-is-layout-64ba4680 wp-block-group-is-layout-constrained\" style=\"padding-top:0;padding-right:var(--wp--preset--spacing--20);padding-bottom:0;padding-left:var(--wp--preset--spacing--20)\">\n<h3 class=\"wp-block-heading has-gold-color has-text-color has-link-color wp-elements-2ad65f0f6cc506e0ac1685c560416527\"><strong>Sujets populaires<\/strong><\/h3>\n<\/div>\n\n\n\n<div class=\"wp-block-columns alignwide huisvesting-deco is-layout-flex wp-container-core-columns-is-layout-f1061711 wp-block-columns-is-layout-flex\" style=\"padding-right:var(--wp--preset--spacing--20);padding-left:var(--wp--preset--spacing--20)\">\n<div class=\"wp-block-column is-layout-flow wp-block-column-is-layout-flow\">\n<p class=\"has-black-color has-text-color has-link-color wp-elements-bd64e02f39ab0c946f2d38369bfae06f\"><a href=\"https:\/\/www2.gov.bc.ca\/gov\/content\/housing-tenancy\/residential-tenancies\" data-type=\"link\" data-id=\"https:\/\/www2.gov.bc.ca\/gov\/content\/housing-tenancy\/residential-tenancies\"><strong>Locations r\u00e9sidentielles<\/strong><\/a><strong><br><\/strong>En savoir plus sur la location en C.-B. et sur la mani\u00e8re de r\u00e9soudre les probl\u00e8mes de location.<\/p>\n<\/div>\n\n\n\n<div class=\"wp-block-column is-layout-flow wp-block-column-is-layout-flow\">\n<p><a href=\"https:\/\/www2.gov.bc.ca\/gov\/content\/housing-tenancy\/local-governments-and-housing\/housing-targets\"><strong>Objectifs de logement<\/strong><\/a><br>En savoir plus sur la loi sur l'offre de logements (Housing Supply Act), qui soutient l'augmentation de l'offre de logements en C.-B.<\/p>\n<\/div>\n\n\n\n<div class=\"wp-block-column is-layout-flow wp-block-column-is-layout-flow\">\n<p class=\"has-black-color has-text-color has-link-color wp-elements-e54c7494c7e552dd61e9f03c8508c4c6\"><a href=\"https:\/\/www2.gov.bc.ca\/gov\/content\/taxes\/property-taxes\/annual-property-tax\/home-owner-grant\"><strong>Subvention aux propri\u00e9taires<\/strong><\/a><strong><a href=\"https:\/\/www2.gov.bc.ca\/gov\/content\/taxes\/property-taxes\/annual-property-tax\/home-owner-grant\"><br><\/a><\/strong>La prime \u00e0 l'accession \u00e0 la propri\u00e9t\u00e9 vous permet de r\u00e9duire le montant de la taxe fonci\u00e8re que vous payez annuellement pour votre logement.<\/p>\n<\/div>\n<\/div>\n<\/div>\n<\/div>\n\n\n\n<div style=\"height:30px\" aria-hidden=\"true\" class=\"wp-block-spacer\"><\/div>\n\n\n\n<div class=\"wp-block-group alignwide has-global-padding is-layout-constrained wp-container-core-group-is-layout-1181fb94 wp-block-group-is-layout-constrained\">\n<div class=\"wp-block-columns alignwide is-layout-flex wp-container-core-columns-is-layout-28f84493 wp-block-columns-is-layout-flex\">\n<div class=\"wp-block-column is-layout-flow wp-block-column-is-layout-flow\">\n<h2 class=\"wp-block-heading has-black-color has-text-color has-link-color has-large-font-size wp-elements-a5bc3ba34c67ba98d72eac5af43549f6\">Services et informations<\/h2>\n\n\n\n<div class=\"wp-block-group is-vertical is-layout-flex wp-container-core-group-is-layout-fe9cc265 wp-block-group-is-layout-flex\">\n<p class=\"wp-container-content-95b39f08\"><a href=\"https:\/\/www2.gov.bc.ca\/gov\/content\/housing-tenancy\/owning-a-home\"><strong>Poss\u00e9der un logement<\/strong><\/a><br>Informations sur la possession d'une maison en C.-B. y compris les subventions aux propri\u00e9taires, les taxes fonci\u00e8res, les \u00e9valuations, les r\u00e9parations, l'entretien et plus encore.<\/p>\n\n\n\n<div style=\"height:48px\" aria-hidden=\"true\" class=\"wp-block-spacer wp-container-content-eb1ede72\"><\/div>\n\n\n\n<p class=\"wp-container-content-f2757e9e\"><a href=\"https:\/\/www2.gov.bc.ca\/gov\/content\/housing-tenancy\/short-term-rentals\/straa-definitions\"><strong>D\u00e9finitions et concepts cl\u00e9s de la l\u00e9gislation de la C.-B. sur la location de courte dur\u00e9e<\/strong><\/a><br>Vous trouverez sur cette page des d\u00e9finitions et des concepts cl\u00e9s li\u00e9s \u00e0 la loi et aux r\u00e8glements de la C.-B. sur les logements locatifs \u00e0 court terme.<\/p>\n\n\n\n<div style=\"height:66px\" aria-hidden=\"true\" class=\"wp-block-spacer wp-container-content-7740b306\"><\/div>\n\n\n\n<p class=\"wp-container-content-f2757e9e\"><a href=\"https:\/\/www2.gov.bc.ca\/gov\/content\/housing-tenancy\/residential-tenancies\/ending-a-tenancy\/moving-out-of-rental-units\"><strong>D\u00e9m\u00e9nagement d'un logement locatif<\/strong><\/a><br>Le d\u00e9m\u00e9nagement d'un logement locatif peut donner lieu \u00e0 de nombreuses r\u00e9flexions. Veillez \u00e0 prendre en compte tous les droits et responsabilit\u00e9s l\u00e9gaux lorsque vous mettez fin \u00e0 une location.<\/p>\n\n\n\n<div style=\"height:0px\" aria-hidden=\"true\" class=\"wp-block-spacer wp-container-content-f2757e9e\"><\/div>\n\n\n\n<p class=\"wp-container-content-f2757e9e\"><a href=\"https:\/\/www2.gov.bc.ca\/gov\/content\/housing-tenancy\/residential-tenancies\/ending-a-tenancy\/moving-out-of-rental-units\/items-left-behind\"><strong>Objets laiss\u00e9s sur place<\/strong><\/a><br>La loi sur la location \u00e0 usage d'habitation et la loi sur les biens non r\u00e9clam\u00e9s d\u00e9finissent les r\u00e8gles relatives \u00e0 l'abandon de biens personnels. Les propri\u00e9taires doivent suivre des \u00e9tapes sp\u00e9cifiques lorsqu'ils enl\u00e8vent et se d\u00e9barrassent des biens personnels abandonn\u00e9s par un locataire.<\/p>\n\n\n\n<div style=\"height:37px\" aria-hidden=\"true\" class=\"wp-block-spacer wp-container-content-8a91f07f\"><\/div>\n\n\n\n<p class=\"wp-container-content-f2757e9e\"><a href=\"https:\/\/www2.gov.bc.ca\/gov\/content\/housing-tenancy\/residential-tenancies\/rent-rtb\"><strong>Loyer<\/strong><\/a><br>Les locataires et les propri\u00e9taires ont des r\u00f4les, des droits et des responsabilit\u00e9s en ce qui concerne le paiement du loyer et des augmentations de loyer. Les locataires doivent payer l'int\u00e9gralit\u00e9 de leur loyer dans les d\u00e9lais pr\u00e9vus par leur contrat de location.<\/p>\n\n\n\n<div style=\"height:38px\" aria-hidden=\"true\" class=\"wp-block-spacer wp-container-content-81dc8709\"><\/div>\n\n\n\n<p class=\"wp-container-content-f2757e9e\"><a href=\"https:\/\/www2.gov.bc.ca\/gov\/content\/housing-tenancy\/residential-tenancies\/ending-a-tenancy\/evictions\"><strong>Expulsions<\/strong><\/a><br>Une expulsion, ou un avis de fin de location, est le moment o\u00f9 un propri\u00e9taire demande \u00e0 un locataire de quitter un logement locatif. D\u00e9couvrez les r\u00e8gles et les proc\u00e9dures d'expulsion.<\/p>\n<\/div>\n<\/div>\n\n\n\n<div class=\"wp-block-column is-layout-flow wp-block-column-is-layout-flow\">\n<div style=\"height:48px\" aria-hidden=\"true\" class=\"wp-block-spacer\"><\/div>\n\n\n\n<div class=\"wp-block-group is-vertical is-layout-flex wp-container-core-group-is-layout-fe9cc265 wp-block-group-is-layout-flex\">\n<p class=\"has-black-color has-text-color has-link-color wp-elements-f92bd9b132b3b107a6e2e048ff28eac9 wp-container-content-943fad18\"><a href=\"https:\/\/www2.gov.bc.ca\/gov\/content\/housing-tenancy\/residential-tenancies\"><strong>Locations r\u00e9sidentielles<\/strong><\/a><br>Les locataires et les propri\u00e9taires peuvent trouver des informations pour les guider du d\u00e9but \u00e0 la fin d'une location. D\u00e9couvrez les outils et les ressources disponibles et ce qu'il faut faire si vous avez besoin d'aide.<\/p>\n\n\n\n<div style=\"height:29px\" aria-hidden=\"true\" class=\"wp-block-spacer wp-container-content-7eea9941\"><\/div>\n\n\n\n<p class=\"wp-container-content-943fad18\"><a href=\"https:\/\/www2.gov.bc.ca\/gov\/content\/housing-tenancy\/residential-tenancies\/calculators-and-resources\/tenancy-laws-rules\/tenancies-types\"><strong>Types de situations de logement locatif<\/strong><\/a><br>La plupart des situations de logement locatif sont couvertes par la&nbsp;<a href=\"http:\/\/www.bclaws.ca\/civix\/document\/id\/complete\/statreg\/02078_01\">Loi sur la location \u00e0 usage d'habitation<\/a>&nbsp;et le&nbsp;<a href=\"http:\/\/www.bclaws.ca\/EPLibraries\/bclaws_new\/document\/ID\/freeside\/00_02077_01\">Loi sur la location des parcs de maisons pr\u00e9fabriqu\u00e9es<\/a>D\u00e9couvrez les lois de la C.-B. qui r\u00e9gissent votre location selon le type de logement ci-dessous.<\/p>\n\n\n\n<div style=\"height:17px\" aria-hidden=\"true\" class=\"wp-block-spacer wp-container-content-fd0eeb70\"><\/div>\n\n\n\n<p class=\"wp-container-content-943fad18\"><a href=\"https:\/\/www2.gov.bc.ca\/gov\/content\/housing-tenancy\/residential-tenancies\/during-a-tenancy\/landlord-access-rental-units\"><strong>Acc\u00e8s des propri\u00e9taires aux logements locatifs<\/strong><\/a><br>Les propri\u00e9taires peuvent acc\u00e9der aux logements locatifs dans certaines situations. Les locataires doivent \u00eatre conscients des situations dans lesquelles le propri\u00e9taire acc\u00e8de au logement.<\/p>\n\n\n\n<div style=\"height:90px\" aria-hidden=\"true\" class=\"wp-block-spacer wp-container-content-2b666434\"><\/div>\n\n\n\n<p class=\"wp-container-content-943fad18\"><a href=\"https:\/\/www2.gov.bc.ca\/gov\/content\/housing-tenancy\/residential-tenancies\/starting-a-tenancy\/move-in-condition-inspection\"><strong>Inspection de l'\u00e9tat des lieux d'entr\u00e9e<\/strong><\/a><br>L'inspection des conditions d'emm\u00e9nagement est \u00e9galement appel\u00e9e \"visite\". Le propri\u00e9taire et le locataire font le tour du logement ensemble et consignent les \u00e9ventuels dommages ou probl\u00e8mes. L'\u00e9tat des lieux d'entr\u00e9e est important pour d\u00e9terminer qui doit payer pour les dommages subis par le logement.<\/p>\n\n\n\n<div style=\"height:0px\" aria-hidden=\"true\" class=\"wp-block-spacer wp-container-content-943fad18\"><\/div>\n\n\n\n<p class=\"wp-container-content-943fad18\"><a href=\"https:\/\/www2.gov.bc.ca\/gov\/content\/housing-tenancy\/residential-tenancies\/during-a-tenancy\/pets-and-tenancy\"><strong>Animaux de compagnie et location<\/strong><\/a><br>Les propri\u00e9taires indiquent dans le contrat de location si les animaux domestiques sont autoris\u00e9s dans le logement lou\u00e9. Les locataires doivent respecter les r\u00e8gles relatives aux animaux de compagnie \u00e9nonc\u00e9es dans le contrat de location. Les propri\u00e9taires peuvent limiter la taille, le type et le nombre d'animaux et fixer des r\u00e8gles raisonnables concernant les animaux.<\/p>\n\n\n\n<div style=\"height:0px\" aria-hidden=\"true\" class=\"wp-block-spacer wp-container-content-943fad18\"><\/div>\n\n\n\n<p class=\"wp-container-content-943fad18\"><a href=\"https:\/\/www2.gov.bc.ca\/gov\/content\/housing-tenancy\/residential-tenancies\/during-a-tenancy\/natural-disasters-tenancy\"><strong>Catastrophes naturelles et location<\/strong><\/a><br>\"Dans l'immobilier, on apprend \u00e0 conna\u00eetre les gens, les communaut\u00e9s et l'impact du gouvernement, plus que dans toute autre profession.\"<\/p>\n<\/div>\n<\/div>\n\n\n\n<div class=\"wp-block-column is-layout-flow wp-block-column-is-layout-flow\">\n<div style=\"height:48px\" aria-hidden=\"true\" class=\"wp-block-spacer\"><\/div>\n\n\n\n<div class=\"wp-block-group is-vertical is-layout-flex wp-container-core-group-is-layout-fe9cc265 wp-block-group-is-layout-flex\">\n<p class=\"has-black-color has-text-color has-link-color wp-elements-76607443b35d4e9fc3ecc6ce20ab88c0 wp-container-content-f2757e9e\"><a href=\"https:\/\/www2.gov.bc.ca\/gov\/content\/housing-tenancy\/short-term-rentals\"><strong>Nouvelles r\u00e8gles pour les locations de courte dur\u00e9e<\/strong><\/a><br>Pour aider \u00e0 r\u00e9soudre la crise du logement, la C.-B. a adopt\u00e9 une nouvelle l\u00e9gislation sur la location \u00e0 court terme.<\/p>\n\n\n\n<div style=\"height:55px\" aria-hidden=\"true\" class=\"wp-block-spacer wp-container-content-0591978f\"><\/div>\n\n\n\n<p class=\"wp-container-content-f2757e9e\"><a href=\"https:\/\/www2.gov.bc.ca\/gov\/content\/housing-tenancy\/residential-tenancies\/sell-rental-property\/showings\"><strong>Visites de logements locatifs et journ\u00e9es portes ouvertes<\/strong><\/a><strong><br><\/strong>Lorsqu'un propri\u00e9taire vend un bien locatif, les locataires ont droit \u00e0 la tranquillit\u00e9 jusqu'\u00e0 la fin de leur bail.<\/p>\n\n\n\n<div style=\"height:90px\" aria-hidden=\"true\" class=\"wp-block-spacer wp-container-content-2b666434\"><\/div>\n\n\n\n<p class=\"wp-container-content-f2757e9e\"><a href=\"https:\/\/www2.gov.bc.ca\/gov\/content\/housing-tenancy\/residential-tenancies\/calculators-and-resources\/tenancy-forms\"><strong>Formulaires de location<\/strong><\/a><br>Cette page contient des formulaires de location importants pour les propri\u00e9taires et les locataires.<\/p>\n\n\n\n<div style=\"height:99px\" aria-hidden=\"true\" class=\"wp-block-spacer wp-container-content-b8902260\"><\/div>\n\n\n\n<p class=\"wp-container-content-f2757e9e\"><a href=\"https:\/\/www2.gov.bc.ca\/gov\/content\/housing-tenancy\/residential-tenancies\/ending-a-tenancy\"><strong>Mettre fin \u00e0 une location<\/strong><\/a><br>Les propri\u00e9taires et les locataires doivent mettre fin \u00e0 une location dans le respect de la loi. D\u00e9couvrez les droits et les responsabilit\u00e9s des propri\u00e9taires et des locataires lorsqu'ils mettent fin \u00e0 une location.<\/p>\n\n\n\n<div style=\"height:87px\" aria-hidden=\"true\" class=\"wp-block-spacer wp-container-content-bd901535\"><\/div>\n\n\n\n<p class=\"wp-container-content-f2757e9e\"><a href=\"https:\/\/www2.gov.bc.ca\/gov\/content\/housing-tenancy\/residential-tenancies\/during-a-tenancy\/communication\"><strong>Communication pendant la location<\/strong><\/a><br>Les propri\u00e9taires et les locataires doivent communiquer calmement, par \u00e9crit, des observations factuelles relatives \u00e0 la location. Les propri\u00e9taires ont la responsabilit\u00e9 de donner un pr\u00e9avis ad\u00e9quat lorsqu'ils doivent p\u00e9n\u00e9trer dans le logement, mettre fin ou restreindre un service, ou mettre fin \u00e0 la location.<\/p>\n<\/div>\n<\/div>\n<\/div>\n<\/div>\n\n\n\n<div style=\"height:60px\" aria-hidden=\"true\" class=\"wp-block-spacer\"><\/div>","protected":false},"excerpt":{"rendered":"<p>\u201cIn the real estate business you learn more about people, and you learn more about community issues, you learn more about life, you learn more about the impact of government, probably than any other profession that I know of.\u201d Johnny Isakson Popular subjects Residential tenanciesLearn more about renting in B.C. and how to resolve rental [&hellip;]<\/p>\n","protected":false},"author":1,"featured_media":0,"parent":0,"menu_order":3,"comment_status":"closed","ping_status":"closed","template":"","meta":{"footnotes":""},"class_list":["post-16","page","type-page","status-publish","hentry"],"_links":{"self":[{"href":"https:\/\/invictisrealty.com\/fr\/wp-json\/wp\/v2\/pages\/16","targetHints":{"allow":["GET"]}}],"collection":[{"href":"https:\/\/invictisrealty.com\/fr\/wp-json\/wp\/v2\/pages"}],"about":[{"href":"https:\/\/invictisrealty.com\/fr\/wp-json\/wp\/v2\/types\/page"}],"author":[{"embeddable":true,"href":"https:\/\/invictisrealty.com\/fr\/wp-json\/wp\/v2\/users\/1"}],"replies":[{"embeddable":true,"href":"https:\/\/invictisrealty.com\/fr\/wp-json\/wp\/v2\/comments?post=16"}],"version-history":[{"count":96,"href":"https:\/\/invictisrealty.com\/fr\/wp-json\/wp\/v2\/pages\/16\/revisions"}],"predecessor-version":[{"id":1692,"href":"https:\/\/invictisrealty.com\/fr\/wp-json\/wp\/v2\/pages\/16\/revisions\/1692"}],"wp:attachment":[{"href":"https:\/\/invictisrealty.com\/fr\/wp-json\/wp\/v2\/media?parent=16"}],"curies":[{"name":"wp","href":"https:\/\/api.w.org\/{rel}","templated":true}]}}