{"id":14,"date":"2024-04-28T14:23:16","date_gmt":"2024-04-28T14:23:16","guid":{"rendered":"https:\/\/invictisrealty.com\/?page_id=14"},"modified":"2024-08-06T09:49:25","modified_gmt":"2024-08-06T16:49:25","slug":"apply","status":"publish","type":"page","link":"https:\/\/invictisrealty.com\/fr\/apply\/","title":{"rendered":"Appliquer"},"content":{"rendered":"<div class=\"wp-block-group alignfull extra has-global-padding is-layout-constrained wp-container-core-group-is-layout-da604d14 wp-block-group-is-layout-constrained\" style=\"padding-top:0;padding-right:0;padding-bottom:0;padding-left:0\">\n<div class=\"wp-block-group alignwide is-content-justification-space-between is-layout-flex wp-container-core-group-is-layout-d7f059a2 wp-block-group-is-layout-flex\" style=\"margin-top:0;margin-bottom:0;padding-top:0;padding-right:15px;padding-bottom:0;padding-left:15px\"><h1 style=\"padding-top:var(--wp--preset--spacing--50);padding-bottom:var(--wp--preset--spacing--50);padding-left:0;padding-right:0;margin-right:0;margin-left:0;\" class=\"has-text-align-left invictis-mobile-apply-center wp-block-post-title\">Appliquer<\/h1>\n\n\n<figure class=\"wp-block-pullquote alignfull invictis-mobile-quote\" style=\"margin-top:0;margin-right:0;margin-bottom:0;margin-left:0;padding-top:0;padding-right:0;padding-bottom:0;padding-left:0;font-size:20px\"><blockquote><p>\"Achetez des terres, elles ne sont plus fabriqu\u00e9es.\"<\/p><cite>Mark Twain<\/cite><\/blockquote><\/figure>\n<\/div>\n<\/div>\n\n\n\n<div style=\"height:30px;width:0px\" aria-hidden=\"true\" class=\"wp-block-spacer\"><\/div>\n\n\n\n<div class=\"wp-block-group alignwide has-global-padding is-layout-constrained wp-container-core-group-is-layout-070260d4 wp-block-group-is-layout-constrained\">\n<p>Pour plus d'informations sur nos logements disponibles ou pour planifier une visite, veuillez compl\u00e9ter et soumettre la demande de location ci-dessous. Vous pouvez t\u00e9l\u00e9charger la demande de location en cliquant sur le bouton de t\u00e9l\u00e9chargement ci-dessous.<\/p>\n\n\n\n<p>Une fois que vous avez rempli la demande de location, vous pouvez la t\u00e9l\u00e9charger en cliquant sur le bouton de t\u00e9l\u00e9chargement dans le formulaire ci-dessous. N'oubliez pas d'indiquer la propri\u00e9t\u00e9 qui vous int\u00e9resse ou le type de propri\u00e9t\u00e9 que vous recherchez. Nous vous contacterons d\u00e8s que possible pour r\u00e9pondre \u00e0 vos questions ou pour fixer un rendez-vous pour une visite. Nous vous remercions de l'int\u00e9r\u00eat que vous portez \u00e0 nos biens.<\/p>\n<\/div>\n\n\n\n<div class=\"wp-block-file aligncenter\" style=\"margin-right:0;margin-left:0;padding-right:0;padding-left:0\"><a href=\"https:\/\/invictisrealty.com\/wp-content\/uploads\/2024\/05\/Application-Invictis.docx\" class=\"wp-block-file__button wp-element-button\" download>Download<\/a><\/div>\n\n\n\n<div style=\"height:30px;width:0px\" aria-hidden=\"true\" class=\"wp-block-spacer\"><\/div>\n\n\n\n<div class=\"wp-block-group alignwide extra-formulier has-global-padding is-layout-constrained wp-container-core-group-is-layout-648b1458 wp-block-group-is-layout-constrained\">\n<div class=\"forminator-guttenberg\"><div class=\"forminator-ui forminator-custom-form forminator-custom-form-200 forminator-design--default  forminator_ajax\" data-forminator-render=\"0\" data-form=\"forminator-module-200\" data-uid=\"69f26b6d2dd5f\"><br\/><\/div><form\n\t\t\t\tid=\"forminator-module-200\"\n\t\t\t\tclass=\"forminator-ui forminator-custom-form forminator-custom-form-200 forminator-design--default  forminator_ajax\"\n\t\t\t\tmethod=\"post\"\n\t\t\t\tdata-forminator-render=\"0\"\n\t\t\t\tdata-form-id=\"200\"\n\t\t\t\tenctype=\"multipart\/form-data\" data-color-option=\"default\" data-design=\"default\" data-grid=\"open\" style=\"display: none;\"\n\t\t\t\tdata-uid=\"69f26b6d2dd5f\" action=\"\"\n\t\t\t><div role=\"alert\" aria-live=\"polite\" class=\"forminator-response-message forminator-error\" aria-hidden=\"true\"><\/div><div class=\"forminator-row\"><div id=\"name-1\" class=\"forminator-field-name forminator-col forminator-col-6\"><div class=\"forminator-field\"><label for=\"forminator-field-name-1_69f26b6d2dd5f\" id=\"forminator-field-name-1_69f26b6d2dd5f-label\" class=\"forminator-label\">Pr\u00e9nom <span class=\"forminator-required\">*<\/span><\/label><input type=\"text\" name=\"name-1\" value=\"\" placeholder=\"\" id=\"forminator-field-name-1_69f26b6d2dd5f\" class=\"forminator-input forminator-name--field\" aria-required=\"true\" autocomplete=\"name\" \/><\/div><\/div><div id=\"name-2\" class=\"forminator-field-name forminator-col forminator-col-6\"><div class=\"forminator-field\"><label for=\"forminator-field-name-2_69f26b6d2dd5f\" id=\"forminator-field-name-2_69f26b6d2dd5f-label\" class=\"forminator-label\">Nom de famille <span class=\"forminator-required\">*<\/span><\/label><input type=\"text\" name=\"name-2\" value=\"\" placeholder=\"\" id=\"forminator-field-name-2_69f26b6d2dd5f\" class=\"forminator-input forminator-name--field\" aria-required=\"true\" autocomplete=\"name\" \/><\/div><\/div><\/div><div class=\"forminator-row\"><div id=\"email-1\" class=\"forminator-field-email forminator-col forminator-col-12\"><div class=\"forminator-field\"><label for=\"forminator-field-email-1_69f26b6d2dd5f\" id=\"forminator-field-email-1_69f26b6d2dd5f-label\" class=\"forminator-label\">E-mail <span class=\"forminator-required\">*<\/span><\/label><input type=\"email\" name=\"email-1\" value=\"\" placeholder=\"\" id=\"forminator-field-email-1_69f26b6d2dd5f\" class=\"forminator-input forminator-email--field\" data-required=\"true\" aria-required=\"true\" autocomplete=\"email\" \/><\/div><\/div><\/div><div class=\"forminator-row\"><div id=\"phone-1\" class=\"forminator-field-phone forminator-col forminator-col-12\"><div class=\"forminator-field\"><label for=\"forminator-field-phone-1_69f26b6d2dd5f\" id=\"forminator-field-phone-1_69f26b6d2dd5f-label\" class=\"forminator-label\">Num\u00e9ro de t\u00e9l\u00e9phone <span class=\"forminator-required\">*<\/span><\/label><input type=\"text\" name=\"phone-1\" value=\"\" placeholder=\"\" id=\"forminator-field-phone-1_69f26b6d2dd5f\" class=\"forminator-input forminator-field--phone\" data-required=\"1\" aria-required=\"true\" autocomplete=\"off\" \/><\/div><\/div><\/div><div class=\"forminator-row\"><div id=\"textarea-1\" class=\"forminator-field-textarea forminator-col forminator-col-12\"><div class=\"forminator-field\"><label for=\"forminator-field-textarea-1_69f26b6d2dd5f\" id=\"forminator-field-textarea-1_69f26b6d2dd5f-label\" class=\"forminator-label\">Message <span class=\"forminator-required\">*<\/span><\/label><textarea name=\"textarea-1\" placeholder=\"\" id=\"forminator-field-textarea-1_69f26b6d2dd5f\" class=\"forminator-textarea\" rows=\"6\" style=\"--forminator-textarea-min-height:200px;\" maxlength=\"180\" ><\/textarea><span id=\"forminator-field-textarea-1_69f26b6d2dd5f-description\" class=\"forminator-description\"><span data-limit=\"180\" data-type=\"characters\" data-editor=\"\">0 \/ 180<\/span><\/span><\/div><\/div><\/div><div class=\"forminator-row\"><div id=\"upload-1\" class=\"forminator-field-upload forminator-col forminator-col-12\"><div class=\"forminator-field\"><label for=\"forminator-field-upload-1_69f26b6d2dd5f\" id=\"forminator-field-upload-1_69f26b6d2dd5f-label\" class=\"forminator-label\">T\u00e9l\u00e9charger <span class=\"forminator-required\">*<\/span><\/label><div class=\"forminator-file-upload\" data-element=\"upload-1_69f26b6d2dd5f\"><input type=\"file\" name=\"upload-1\" id=\"forminator-field-upload-1_69f26b6d2dd5f\" class=\"forminator-input-file-required do-validate\" accept=\".webp,.avif,.png,.jpg,.jpeg,.jpe,.doc,.docx,.docm,.txt,.asc,.c,.cc,.h,.srt,.pdf\" tabindex=\"-1\"><button id=\"forminator-field-upload-1_69f26b6d2dd5f_button\" class=\"forminator-button forminator-button-upload\" data-id=\"forminator-field-upload-1_69f26b6d2dd5f\">Choisir un fichier<\/button><span data-empty-text=\"No file chosen\">Pas de fichier choisi<\/span><button class=\"forminator-button-delete\" style=\"display: none;\"><i class=\"forminator-icon-close\" aria-hidden=\"true\"><\/i><span class=\"forminator-screen-reader-only\">Delete uploaded file<\/span><\/button><\/div><\/div><\/div><\/div><div class=\"forminator-row\"><div id=\"consent-1\" class=\"forminator-field-consent forminator-col forminator-col-12\"><div class=\"forminator-field\"><label for=\"forminator-field-consent-1_69f26b6d2dd5f\" id=\"forminator-field-consent-1_69f26b6d2dd5f-label\" class=\"forminator-label\">Consent <span class=\"forminator-required\">*<\/span><\/label><div class=\"forminator-checkbox__wrapper\"><label id=\"forminator-field-consent-1_69f26b6d2dd5f__label\" class=\"forminator-checkbox forminator-consent\"><input type=\"checkbox\" name=\"consent-1\" id=\"forminator-field-consent-1_69f26b6d2dd5f\" value=\"checked\" aria-labelledby=\"forminator-field-consent-1_69f26b6d2dd5f-label\" aria-describedby=\"forminator-field-consent-1_69f26b6d2dd5f__description\" data-required=\"true\" aria-required=\"true\" \/><span class=\"forminator-checkbox-box\" aria-hidden=\"true\"><\/span><\/label><div id=\"forminator-field-consent-1_69f26b6d2dd5f__description\" class=\"forminator-checkbox__label forminator-consent__label\"><p>Yes, I agree with the <a rel=\"noopener\" target=\"_blank\" href=\"https:\/\/invictisrealty.com\/fr\/privacy-policy\/\">privacy policy<\/a> and <a rel=\"noopener\" target=\"_blank\" href=\"https:\/\/invictisrealty.com\/fr\/terms-of-use\/\">terms and conditions<\/a>.<\/p><\/div><\/div><\/div><\/div><\/div><div class=\"forminator-row\" style=\"margin: 0;\"><div id=\"captcha-1\" class=\"forminator-field-captcha  forminator-col-12\"><div class=\"forminator-captcha-right forminator-g-recaptcha recaptcha-invisible\" data-theme=\"light\" data-badge=\"bottomright\" data-sitekey=\"6LdGCWoqAAAAAL4t3CzpgFTo2uvkX1X9CYRhUhcz\" data-size=\"invisible\"><\/div> <\/div><\/div><input type=\"hidden\" name=\"referer_url\" value=\"\" \/><div class=\"forminator-row forminator-row-last\"><div class=\"forminator-col\"><div class=\"forminator-field\"><button class=\"forminator-button forminator-button-submit\">Envoyer<\/button><\/div><\/div><\/div><input type=\"hidden\" id=\"forminator_nonce\" name=\"forminator_nonce\" value=\"7fda3fe11e\" \/><input type=\"hidden\" name=\"_wp_http_referer\" value=\"\/fr\/wp-json\/wp\/v2\/pages\/14\" \/><input type=\"hidden\" name=\"form_id\" value=\"200\"><input type=\"hidden\" name=\"page_id\" value=\"14\"><input type=\"hidden\" name=\"form_type\" value=\"default\"><input type=\"hidden\" name=\"current_url\" value=\"https:\/\/invictisrealty.com\/fr\/apply\/\"><input type=\"hidden\" name=\"render_id\" value=\"0\"><input type=\"hidden\" name=\"action\" value=\"forminator_submit_form_custom-forms\"><label for=\"input_8\" class=\"forminator-hidden\" aria-hidden=\"true\">Please do not fill in this field. <input id=\"input_8\" type=\"text\" name=\"input_8\" value=\"\" autocomplete=\"off\"><\/label><input type=\"hidden\" name=\"trp-form-language\" value=\"fr\"\/><\/form><\/div>\n<\/div>\n\n\n\n<div style=\"height:60px;width:0px\" aria-hidden=\"true\" class=\"wp-block-spacer\"><\/div>","protected":false},"excerpt":{"rendered":"<p>&#8220;Buy land, they&#8217;re not making it anymore.&#8221; Mark Twain For more information about our available homes or to schedule a tour, please complete and submit the rental application below. You can download the rental application by clicking the download button below. Once you have completed the rental application, you can upload it by clicking the [&hellip;]<\/p>\n","protected":false},"author":1,"featured_media":0,"parent":0,"menu_order":2,"comment_status":"closed","ping_status":"closed","template":"","meta":{"footnotes":""},"class_list":["post-14","page","type-page","status-publish","hentry"],"_links":{"self":[{"href":"https:\/\/invictisrealty.com\/fr\/wp-json\/wp\/v2\/pages\/14","targetHints":{"allow":["GET"]}}],"collection":[{"href":"https:\/\/invictisrealty.com\/fr\/wp-json\/wp\/v2\/pages"}],"about":[{"href":"https:\/\/invictisrealty.com\/fr\/wp-json\/wp\/v2\/types\/page"}],"author":[{"embeddable":true,"href":"https:\/\/invictisrealty.com\/fr\/wp-json\/wp\/v2\/users\/1"}],"replies":[{"embeddable":true,"href":"https:\/\/invictisrealty.com\/fr\/wp-json\/wp\/v2\/comments?post=14"}],"version-history":[{"count":65,"href":"https:\/\/invictisrealty.com\/fr\/wp-json\/wp\/v2\/pages\/14\/revisions"}],"predecessor-version":[{"id":1722,"href":"https:\/\/invictisrealty.com\/fr\/wp-json\/wp\/v2\/pages\/14\/revisions\/1722"}],"wp:attachment":[{"href":"https:\/\/invictisrealty.com\/fr\/wp-json\/wp\/v2\/media?parent=14"}],"curies":[{"name":"wp","href":"https:\/\/api.w.org\/{rel}","templated":true}]}}